{"id":2665,"date":"2021-05-06T11:22:27","date_gmt":"2021-05-06T14:22:27","guid":{"rendered":"https:\/\/anymarket.global\/blog\/?page_id=2665"},"modified":"2023-04-25T11:30:48","modified_gmt":"2023-04-25T14:30:48","slug":"politica-de-privacidad","status":"publish","type":"page","link":"https:\/\/anymarket.global\/blog\/politica-de-privacidad\/","title":{"rendered":"Pol\u00edtica de Privacidad"},"content":{"rendered":"\n<p>Pol\u00edtica vigente desde el 26\/11\/2020<\/p>\n\n\n\n<p>Nosotros en DB1 Group y\/o nuestras afiliadas, subsidiarias y compa\u00f1\u00edas relacionadas, entendemos y respetamos su privacidad, nuestro objetivo es adoptar medidas consistentes y salvaguardas apropiadas, de manera transparente, para el tratamiento y protecci\u00f3n de sus datos personales al utilizar los diversos sitios web y Servicios de DB1 Group.<\/p>\n\n\n\n<p>La Pol\u00edtica de Privacidad tiene como objetivo darle visibilidad sobre el tratamiento de sus datos personales por parte de DB1 Group, en cumplimiento de los principios de la legislaci\u00f3n vigente.<\/p>\n\n\n\n<h2 class=\"wp-block-heading\">1. DEFINICI\u00d3N DE INFORMACI\u00d3N PERSONAL<\/h2>\n\n\n\n<p>De acuerdo con la legislaci\u00f3n de protecci\u00f3n de Datos Personales aplicable, en los pa\u00edses donde DB1 GROUP presta sus servicios y a los efectos de esta Pol\u00edtica de Privacidad o Tratamiento de Datos Personales, consideraremos que la informaci\u00f3n facilitada por el usuario es de car\u00e1cter personal, siempre que, solos o en conjunto con otros datos entregados o generados, hacen que una persona natural sea identificada o identificable (Poseedor de los datos). Una persona natural identificable es aquella que puede ser identificada, directa o indirectamente, en particular por referencia a un identificador, como un nombre, un n\u00famero de identificaci\u00f3n, datos de ubicaci\u00f3n, un identificador en l\u00ednea o a uno o a m\u00e1s factores espec\u00edficos de la condici\u00f3n f\u00edsica, fisiol\u00f3gica. identidad gen\u00e9tica, mental, econ\u00f3mica, cultural o social de esa persona natural.<\/p>\n\n\n\n<h2 class=\"wp-block-heading\">2. CATEGOR\u00cdAS DE DATOS PERSONALES QUE RECOPILAMOS:<\/h2>\n\n\n\n<p>En la medida en que lo permita la ley aplicable, las categor\u00edas y tipos de datos personales recopilados directamente de usted pueden incluir, sin limitaci\u00f3n, sujetos a los principios de prop\u00f3sito, adecuaci\u00f3n, necesidad, libre acceso, calidad de los datos, transparencia, seguridad, prevenci\u00f3n, no discriminaci\u00f3n y responsabilidad y rendici\u00f3n de cuentas. Es posible que tengamos acceso a (i) su informaci\u00f3n de contacto, como, entre otros, los que se utilizan para comunicarnos con usted, como nombre, funci\u00f3n, nombre de la empresa, direcci\u00f3n de correo electr\u00f3nico, tel\u00e9fono y\/o c\u00f3digo postal; (ii) informaci\u00f3n de la cuenta, como nombre de usuario, identificaci\u00f3n de usuario, datos sobre su registro o participaci\u00f3n en capacitaciones, seminarios web u otros eventos; (iii) informaci\u00f3n profesional o relacionada con el empleo, como un curr\u00edculum vitae, carta de presentaci\u00f3n, historial profesional; (iv) informaci\u00f3n capturada autom\u00e1ticamente, como direcci\u00f3n IP, ubicaci\u00f3n, fecha y hora, historial de navegaci\u00f3n, fuente de referencia de geolocalizaci\u00f3n, tipo de navegador, duraci\u00f3n de la visita y p\u00e1ginas visitadas; (v) inferencias, a aquella informaci\u00f3n extra\u00edda de los datos personales recogidos en el \u00edtem anterior, como los temas que le pueden interesar en funci\u00f3n de las \u00e1reas del sitio web que visita o en qu\u00e9 productos puede estar interesado en base a los registros de compra.<\/p>\n\n\n\n<p>Es posible deshabilitar, a trav\u00e9s de la configuraci\u00f3n de su navegador de Internet, la recopilaci\u00f3n autom\u00e1tica de informaci\u00f3n a trav\u00e9s de algunas tecnolog\u00edas, como cookies y cach\u00e9s, as\u00ed como en nuestro propio sitio web, espec\u00edficamente en lo que respecta a las cookies. No obstante, el Usuario debe ser consciente de que, si se desactivan estas tecnolog\u00edas, algunos recursos ofrecidos por el sitio web, que dependen del tratamiento de dichos datos, pueden no funcionar correctamente.<\/p>\n\n\n\n<p>Las informaciones recopiladas pueden ser compartidas por DB1 GRUOP con: (i) otras empresas del grupo para acciones de marketing o cuando sean necesarios para la adecuada prestaci\u00f3n de los servicios objeto de sus actividades; (ii) para proteger los intereses de DB1 GROUP en cualquier tipo de conflicto; (iii) por decisi\u00f3n judicial o solicitud de autoridad competente.<\/p>\n\n\n\n<h2 class=\"wp-block-heading\">3. C\u00d3MO OBTENEMOS SUS DATOS PERSONALES<\/h2>\n\n\n\n<p>DB1 GROUP obtiene datos personales directamente de usted a trav\u00e9s de nuestras interacciones con usted y a trav\u00e9s de nuestros productos y servicios, incluidos, entre otros, cuando usted: Solicitar soporte; Registrarse o participar en una capacitaci\u00f3n, seminario web u otro evento; Solicitar informaci\u00f3n o materiales, como (e-books) libros electr\u00f3nicos o similares; Participar en encuestas o evaluaciones y promociones; Solicitar un trabajo o participar de un proceso para una vacante; Enviar preguntas o comentarios;<\/p>\n\n\n\n<p>Los datos personales que recopilamos en l\u00ednea (on line) tambi\u00e9n se pueden combinar con los datos personales proporcionados a trav\u00e9s de canales fuera de l\u00ednea (off line), como durante una entrevista de trabajo, y luego juntos en un evento organizado\/patrocinado por DB1 GROUP en el que usted participa.<\/p>\n\n\n\n<p>Tambi\u00e9n podemos recopilar informaci\u00f3n autom\u00e1ticamente, relacionada con el uso de nuestros sitios web y respuestas a nuestros correos electr\u00f3nicos mediante el uso de diversas tecnolog\u00edas. La recopilaci\u00f3n de informaci\u00f3n de esta manera nos permite analizar la efectividad de nuestros sitios web y nuestros esfuerzos de marketing, para que sea posible personalizar su experiencia y mejorar nuestras interacciones con usted.<\/p>\n\n\n\n<h2 class=\"wp-block-heading\">4. SOBRE EL USO DE SUS INFORMACIONES PERSONALES<\/h2>\n\n\n\n<p>DB1 GROUP puede utilizar los datos personales que recopilamos para algunos fines, que incluyen: Identificarlo y autenticarlo, verificar su identidad cuando accede y utiliza nuestros servicios y para garantizar la seguridad de sus datos personales. Procesamos su informaci\u00f3n personal para cumplir con nuestras obligaciones contractuales con usted.<\/p>\n\n\n\n<p>En otros casos, es de nuestro inter\u00e9s comercial leg\u00edtimo poder contactarlo, por ejemplo, si usted solicita algo de DB1 GROUP, como un producto o servicio, una devoluci\u00f3n de llamada, una suscripci\u00f3n a un bolet\u00edn espec\u00edfico o material de marketing u otros materiales, utilizaremos los datos personales que nos proporcione para responder a su solicitud. Nosotros o nuestros representantes tambi\u00e9n podemos comunicarnos con usted como parte de encuestas de satisfacci\u00f3n del cliente o con fines de investigaci\u00f3n de mercado.<\/p>\n\n\n\n<p>Cuando lo exija la ley aplicable, obtendremos su consentimiento antes de enviar mensajes de marketing. DB1 GROUP tambi\u00e9n puede utilizar sus datos personales para notificarle sobre ofertas de productos y servicios, as\u00ed como eventos que creemos que pueden ser de su inter\u00e9s, o para responder directamente a sus solicitudes de informaci\u00f3n, incluidos los registros de boletines o otras solicitudes espec\u00edficas.<\/p>\n\n\n\n<p>Cuando solicita un puesto en DB1 GROUP, utilizamos los datos personales que nos proporciona con el fin de evaluar su candidatura, considerarle para puestos futuros y realizar funciones de recursos humanos de acuerdo con la ley aplicable. DB1 GROUP compartir\u00e1 los datos personales proporcionados durante el proceso de solicitud con profesionales internos de recursos humanos, as\u00ed como con profesionales de nuestras funciones comerciales que est\u00e9n participando en el proceso de solicitud y entrevista.<\/p>\n\n\n\n<p>Cuando usted usa nuestros sitios web y\/o responde a nuestros correos electr\u00f3nicos, utilizamos los datos personales que nos proporciona con el fin de mejorar y personalizar su experiencia en nuestros sitios web y para proporcionar contenido y ofertas de productos y servicios relevantes para sus intereses, incluidos ofertas dirigidas a trav\u00e9s de nuestro sitio web, sitios web de terceros o correo electr\u00f3nico (con su consentimiento, cuando as\u00ed lo requiera la ley aplicable), tambi\u00e9n podemos utilizar esta informaci\u00f3n para ayudarnos a mejorar y desarrollar a\u00fan m\u00e1s nuestros sitios web, productos y servicios.<\/p>\n\n\n\n<p>No utilizaremos sus datos personales de manera inconsistente para el prop\u00f3sito de su recopilaci\u00f3n original, a menos que hayamos proporcionado un aviso adicional y usted haya dado su consentimiento. DB1 GROUP conservar\u00e1 sus datos personales durante el tiempo que sea necesario para cumplir con los fines para los cuales se procesa la informaci\u00f3n o por otras razones v\u00e1lidas para retener su informaci\u00f3n personal (por ejemplo, para cumplir con nuestras obligaciones legales y reglamentarias, resolver disputas, hacer cumplir con nuestros acuerdos y para el establecimiento, ejercicio o defensa de reclamaciones legales).<\/p>\n\n\n\n<h2 class=\"wp-block-heading\">5. COMO COMPARTIMOS SUS DATOS<\/h2>\n\n\n\n<p>DB1 GROUP puede divulgar datos personales con socios comerciales y proveedores de servicios para respaldar nuestras operaciones. Dichos socios comerciales y proveedores de servicios est\u00e1n obligados por contrato a mantener la informaci\u00f3n recibida en nombre de DB1 GROUP de forma confidencial y segura y a no utilizarla para ning\u00fan otro prop\u00f3sito que distinto al prop\u00f3sito para lo cual fue proporcionado.<\/p>\n\n\n\n<p>A DB1 GROUP tambi\u00e9n puede divulgar datos personales seg\u00fan lo requiera la ley o un proceso legal, as\u00ed como responder a solicitudes de la polic\u00eda o autoridades p\u00fablicas, para hacer cumplir o proteger los derechos de DB1 GROUP, cuando dicha divulgaci\u00f3n sea necesaria o apropiada para evitar da\u00f1os f\u00edsicos o p\u00e9rdidas financieras seg\u00fan lo permita la ley aplicable, o en relaci\u00f3n con una investigaci\u00f3n de una actividad ilegal real o sospechada.<\/p>\n\n\n\n<h2 class=\"wp-block-heading\">6. DERECHO A ACCEDER Y CONTROLAR SUS DATOS PERSONALES<\/h2>\n\n\n\n<p>DB1 GROUP le garantiza a usted, Poseedor de los Datos, varias opciones sobre qu\u00e9 hacer con sus datos personales recopilados, procesados y almacenados, incluida su eliminaci\u00f3n y\/o correcci\u00f3n. Puede: (i) solicitar la eliminaci\u00f3n de sus datos personales; (ii) cambiar o corregir datos, solicitando actualizaciones, cambios o correcciones de sus datos en determinados casos, especialmente si son incorrectos; (iii) plantear objeciones, l\u00edmites o restricciones sobre el uso de datos, solicitando la interrupci\u00f3n del uso de todos o algunos de sus datos personales; (iv) acceder a sus datos.<\/p>\n\n\n\n<p>Usted puede realizar las solicitudes enumeradas anteriormente comunic\u00e1ndose con nuestro Data Protection Officer (\u201cDPO\u201d), a trav\u00e9s del correo electr\u00f3nico privacy@db1group.com y estas solicitudes se considerar\u00e1n de acuerdo con las leyes aplicables.<\/p>\n\n\n\n<h2 class=\"wp-block-heading\">7. RESPONSABLE DE PROTECCI\u00d3N DE DATOS &#8211; DPO (DATA PROTECTION OFFICER)<\/h2>\n\n\n\n<p>DB1 GROUP ha nombrado a su empleado <strong>Alexandre de Souza Dona<\/strong> como Delegado de Protecci\u00f3n de Datos (\u201cDPO\u201d). Usted, Poseedor de los Datos, puede comunicarse con el DPO o por correo electr\u00f3nico privacy@db1group.com, o en nuestra oficina ubicada a Avenida Carneiro Le\u00e3o, 563, Centro Empresarial Le Monde, 2do piso, Ciudad de Maring\u00e1, Estado de Paran\u00e1, CEP 87.014-010,<\/p>\n\n\n\n<h2 class=\"wp-block-heading\">8. CAMBIOS EN LA POL\u00cdTICA DE PRIVACIDAD<\/h2>\n\n\n\n<p>Esta Pol\u00edtica de privacidad puede sufrir actualizaciones. Por ello, le recomendamos que visite esta p\u00e1gina peri\u00f3dicamente para que est\u00e9 al tanto de estos cambios. Antes de utilizar su informaci\u00f3n para fines distintos a los definidos en esta Pol\u00edtica de privacidad, le solicitaremos su consentimiento.<\/p>\n\n\n\n<h2 class=\"wp-block-heading\">9. JURISDICCI\u00d3N Y LEGISLACI\u00d3N APLICABLE<\/h2>\n\n\n\n<p>Este documento se rige y debe interpretarse de acuerdo con las leyes de la Rep\u00fablica Federativa de Brasil. Se elige la Jurisdicci\u00f3n de la Ciudad de Maring\u00e1, Estado de Paran\u00e1 como competente para resolver las cuestiones derivadas de este documento, con renuncia expresa a cualquier otro, por m\u00e1s privilegiado que sea.<\/p>\n","protected":false},"excerpt":{"rendered":"<p>Pol\u00edtica vigente desde el 26\/11\/2020 Nosotros en DB1 Group y\/o nuestras afiliadas, subsidiarias y compa\u00f1\u00edas relacionadas, entendemos y respetamos su privacidad, nuestro objetivo es adoptar medidas consistentes y salvaguardas apropiadas, de manera transparente, para el tratamiento y protecci\u00f3n de sus datos personales al utilizar los diversos sitios web y Servicios de DB1 Group. La Pol\u00edtica [&hellip;]<\/p>\n","protected":false},"author":1024,"featured_media":0,"parent":0,"menu_order":0,"comment_status":"closed","ping_status":"closed","template":"","meta":{"footnotes":""},"class_list":["post-2665","page","type-page","status-publish","hentry"],"yoast_head":"<!-- This site is optimized with the Yoast SEO plugin v27.5 - https:\/\/yoast.com\/product\/yoast-seo-wordpress\/ -->\n<title>Pol\u00edtica de Privacidad - Blog ANYMARKET<\/title>\n<meta name=\"robots\" content=\"index, follow, max-snippet:-1, max-image-preview:large, max-video-preview:-1\" \/>\n<link rel=\"canonical\" href=\"https:\/\/anymarket.global\/blog\/politica-de-privacidad\/\" \/>\n<meta property=\"og:locale\" content=\"es_ES\" \/>\n<meta property=\"og:type\" content=\"article\" \/>\n<meta property=\"og:title\" content=\"Pol\u00edtica de Privacidad - Blog ANYMARKET\" \/>\n<meta property=\"og:description\" content=\"Pol\u00edtica vigente desde el 26\/11\/2020 Nosotros en DB1 Group y\/o nuestras afiliadas, subsidiarias y compa\u00f1\u00edas relacionadas, entendemos y respetamos su privacidad, nuestro objetivo es adoptar medidas consistentes y salvaguardas apropiadas, de manera transparente, para el tratamiento y protecci\u00f3n de sus datos personales al utilizar los diversos sitios web y Servicios de DB1 Group. La Pol\u00edtica [&hellip;]\" \/>\n<meta property=\"og:url\" content=\"https:\/\/anymarket.global\/blog\/politica-de-privacidad\/\" \/>\n<meta property=\"og:site_name\" content=\"Blog ANYMARKET\" \/>\n<meta property=\"article:modified_time\" content=\"2023-04-25T14:30:48+00:00\" \/>\n<meta name=\"twitter:card\" content=\"summary_large_image\" \/>\n<meta name=\"twitter:label1\" content=\"Tiempo de lectura\" \/>\n\t<meta name=\"twitter:data1\" content=\"8 minutos\" \/>\n<script type=\"application\/ld+json\" class=\"yoast-schema-graph\">{\"@context\":\"https:\\\/\\\/schema.org\",\"@graph\":[{\"@type\":\"WebPage\",\"@id\":\"https:\\\/\\\/anymarket.global\\\/blog\\\/politica-de-privacidad\\\/\",\"url\":\"https:\\\/\\\/anymarket.global\\\/blog\\\/politica-de-privacidad\\\/\",\"name\":\"Pol\u00edtica de Privacidad - Blog ANYMARKET\",\"isPartOf\":{\"@id\":\"https:\\\/\\\/anymarket.global\\\/blog\\\/#website\"},\"datePublished\":\"2021-05-06T14:22:27+00:00\",\"dateModified\":\"2023-04-25T14:30:48+00:00\",\"breadcrumb\":{\"@id\":\"https:\\\/\\\/anymarket.global\\\/blog\\\/politica-de-privacidad\\\/#breadcrumb\"},\"inLanguage\":\"es-AR\",\"potentialAction\":[{\"@type\":\"ReadAction\",\"target\":[\"https:\\\/\\\/anymarket.global\\\/blog\\\/politica-de-privacidad\\\/\"]}]},{\"@type\":\"BreadcrumbList\",\"@id\":\"https:\\\/\\\/anymarket.global\\\/blog\\\/politica-de-privacidad\\\/#breadcrumb\",\"itemListElement\":[{\"@type\":\"ListItem\",\"position\":1,\"name\":\"In\u00edcio\",\"item\":\"https:\\\/\\\/anymarket.global\\\/blog\\\/\"},{\"@type\":\"ListItem\",\"position\":2,\"name\":\"Pol\u00edtica de Privacidad\"}]},{\"@type\":\"WebSite\",\"@id\":\"https:\\\/\\\/anymarket.global\\\/blog\\\/#website\",\"url\":\"https:\\\/\\\/anymarket.global\\\/blog\\\/\",\"name\":\"Blog ANYMARKET\",\"description\":\"ANYMARKET LATAM\",\"publisher\":{\"@id\":\"https:\\\/\\\/anymarket.global\\\/blog\\\/#organization\"},\"potentialAction\":[{\"@type\":\"SearchAction\",\"target\":{\"@type\":\"EntryPoint\",\"urlTemplate\":\"https:\\\/\\\/anymarket.global\\\/blog\\\/?s={search_term_string}\"},\"query-input\":{\"@type\":\"PropertyValueSpecification\",\"valueRequired\":true,\"valueName\":\"search_term_string\"}}],\"inLanguage\":\"es-AR\"},{\"@type\":\"Organization\",\"@id\":\"https:\\\/\\\/anymarket.global\\\/blog\\\/#organization\",\"name\":\"Blog ANYMARKET\",\"url\":\"https:\\\/\\\/anymarket.global\\\/blog\\\/\",\"logo\":{\"@type\":\"ImageObject\",\"inLanguage\":\"es-AR\",\"@id\":\"https:\\\/\\\/anymarket.global\\\/blog\\\/#\\\/schema\\\/logo\\\/image\\\/\",\"url\":\"https:\\\/\\\/anymarket.global\\\/blog\\\/wp-content\\\/uploads\\\/2019\\\/09\\\/Ativo-1.png\",\"contentUrl\":\"https:\\\/\\\/anymarket.global\\\/blog\\\/wp-content\\\/uploads\\\/2019\\\/09\\\/Ativo-1.png\",\"width\":512,\"height\":111,\"caption\":\"Blog ANYMARKET\"},\"image\":{\"@id\":\"https:\\\/\\\/anymarket.global\\\/blog\\\/#\\\/schema\\\/logo\\\/image\\\/\"}}]}<\/script>\n<!-- \/ Yoast SEO plugin. -->","yoast_head_json":{"title":"Pol\u00edtica de Privacidad - Blog ANYMARKET","robots":{"index":"index","follow":"follow","max-snippet":"max-snippet:-1","max-image-preview":"max-image-preview:large","max-video-preview":"max-video-preview:-1"},"canonical":"https:\/\/anymarket.global\/blog\/politica-de-privacidad\/","og_locale":"es_ES","og_type":"article","og_title":"Pol\u00edtica de Privacidad - Blog ANYMARKET","og_description":"Pol\u00edtica vigente desde el 26\/11\/2020 Nosotros en DB1 Group y\/o nuestras afiliadas, subsidiarias y compa\u00f1\u00edas relacionadas, entendemos y respetamos su privacidad, nuestro objetivo es adoptar medidas consistentes y salvaguardas apropiadas, de manera transparente, para el tratamiento y protecci\u00f3n de sus datos personales al utilizar los diversos sitios web y Servicios de DB1 Group. La Pol\u00edtica [&hellip;]","og_url":"https:\/\/anymarket.global\/blog\/politica-de-privacidad\/","og_site_name":"Blog ANYMARKET","article_modified_time":"2023-04-25T14:30:48+00:00","twitter_card":"summary_large_image","twitter_misc":{"Tiempo de lectura":"8 minutos"},"schema":{"@context":"https:\/\/schema.org","@graph":[{"@type":"WebPage","@id":"https:\/\/anymarket.global\/blog\/politica-de-privacidad\/","url":"https:\/\/anymarket.global\/blog\/politica-de-privacidad\/","name":"Pol\u00edtica de Privacidad - Blog ANYMARKET","isPartOf":{"@id":"https:\/\/anymarket.global\/blog\/#website"},"datePublished":"2021-05-06T14:22:27+00:00","dateModified":"2023-04-25T14:30:48+00:00","breadcrumb":{"@id":"https:\/\/anymarket.global\/blog\/politica-de-privacidad\/#breadcrumb"},"inLanguage":"es-AR","potentialAction":[{"@type":"ReadAction","target":["https:\/\/anymarket.global\/blog\/politica-de-privacidad\/"]}]},{"@type":"BreadcrumbList","@id":"https:\/\/anymarket.global\/blog\/politica-de-privacidad\/#breadcrumb","itemListElement":[{"@type":"ListItem","position":1,"name":"In\u00edcio","item":"https:\/\/anymarket.global\/blog\/"},{"@type":"ListItem","position":2,"name":"Pol\u00edtica de Privacidad"}]},{"@type":"WebSite","@id":"https:\/\/anymarket.global\/blog\/#website","url":"https:\/\/anymarket.global\/blog\/","name":"Blog ANYMARKET","description":"ANYMARKET LATAM","publisher":{"@id":"https:\/\/anymarket.global\/blog\/#organization"},"potentialAction":[{"@type":"SearchAction","target":{"@type":"EntryPoint","urlTemplate":"https:\/\/anymarket.global\/blog\/?s={search_term_string}"},"query-input":{"@type":"PropertyValueSpecification","valueRequired":true,"valueName":"search_term_string"}}],"inLanguage":"es-AR"},{"@type":"Organization","@id":"https:\/\/anymarket.global\/blog\/#organization","name":"Blog ANYMARKET","url":"https:\/\/anymarket.global\/blog\/","logo":{"@type":"ImageObject","inLanguage":"es-AR","@id":"https:\/\/anymarket.global\/blog\/#\/schema\/logo\/image\/","url":"https:\/\/anymarket.global\/blog\/wp-content\/uploads\/2019\/09\/Ativo-1.png","contentUrl":"https:\/\/anymarket.global\/blog\/wp-content\/uploads\/2019\/09\/Ativo-1.png","width":512,"height":111,"caption":"Blog ANYMARKET"},"image":{"@id":"https:\/\/anymarket.global\/blog\/#\/schema\/logo\/image\/"}}]}},"_links":{"self":[{"href":"https:\/\/anymarket.global\/blog\/wp-json\/wp\/v2\/pages\/2665","targetHints":{"allow":["GET"]}}],"collection":[{"href":"https:\/\/anymarket.global\/blog\/wp-json\/wp\/v2\/pages"}],"about":[{"href":"https:\/\/anymarket.global\/blog\/wp-json\/wp\/v2\/types\/page"}],"author":[{"embeddable":true,"href":"https:\/\/anymarket.global\/blog\/wp-json\/wp\/v2\/users\/1024"}],"replies":[{"embeddable":true,"href":"https:\/\/anymarket.global\/blog\/wp-json\/wp\/v2\/comments?post=2665"}],"version-history":[{"count":4,"href":"https:\/\/anymarket.global\/blog\/wp-json\/wp\/v2\/pages\/2665\/revisions"}],"predecessor-version":[{"id":3135,"href":"https:\/\/anymarket.global\/blog\/wp-json\/wp\/v2\/pages\/2665\/revisions\/3135"}],"wp:attachment":[{"href":"https:\/\/anymarket.global\/blog\/wp-json\/wp\/v2\/media?parent=2665"}],"curies":[{"name":"wp","href":"https:\/\/api.w.org\/{rel}","templated":true}]}}